{"id":16,"date":"2013-12-15T14:55:06","date_gmt":"2013-12-15T13:55:06","guid":{"rendered":"http:\/\/www.cologne-ronin.de\/?page_id=16"},"modified":"2020-08-18T14:16:46","modified_gmt":"2020-08-18T12:16:46","slug":"kontakt","status":"publish","type":"page","link":"http:\/\/www.im-koelner-sueden.de\/tvr\/football\/kontakt\/","title":{"rendered":"Kontakt"},"content":{"rendered":"<p><span style=\"text-decoration: underline;\"><a href=\"http:\/\/www.im-koelner-sueden.de\/tvr\/football\/datenschutzerklaerung-des-tv-rodenkirchen\/\">Datenschutzerkl\u00e4rung des TV Rodenkirchen\u2026<\/a><\/span><\/p>\n<hr \/>\n<p><b>Headcoach Herren:<\/b> Frank Keichel<\/p>\n<h4><b>Probetraining Herren (ab 18):<\/b><\/h4>\n<p style=\"text-align: left;\">Montag 20:00 Uhr<\/p>\n<p>BSA S\u00fcrther Feld, S\u00fcrther Str. 195, 50999 K\u00f6ln<\/p>\n<p>Weitere Informationen und Anmeldung zum Probetraining:<\/p>\n<p>info|at|cologne-ronin.de<\/p>\n<p><a href=\"https:\/\/www.facebook.com\/CologneRoninFootball\/\">https:\/\/www.facebook.com\/CologneRoninFootball\/<\/a><\/p>\n<p>&#8212;&#8212;&#8212;&#8212;&#8212;&#8212;&#8212;&#8212;&#8212;&#8212;&#8212;&#8212;&#8212;&#8212;&#8212;&#8212;&#8212;&#8212;&#8212;&#8212;&#8212;&#8212;&#8212;&#8212;&#8212;&#8212;&#8212;&#8212;&#8211;<\/p>\n<h4><b> Training Jugend (14 &#8211; 18 Jahre):<\/b><\/h4>\n<p>Dienstag + Donnerstag 18:30 Uhr<\/p>\n<p>Gymnasium Rodenkirchen. S\u00fcrther Str. 55, 50996 K\u00f6ln<\/p>\n<p>Weitere Informationen und Anmeldung zum Probetraining:<\/p>\n<p>youth(at)cologne-ronin.de<\/p>\n<h3>&#8212;&#8212;&#8212;&#8212;&#8212;&#8212;&#8212;&#8212;&#8212;&#8212;&#8212;&#8212;&#8212;&#8212;&#8212;&#8212;&#8212;&#8212;&#8212;&#8212;&#8212;&#8212;&#8212;&#8212;&#8212;&#8212;&#8212;&#8212;&#8212;&#8212;&#8212;&#8212;&#8212;&#8212;&#8212;&#8212;&#8212;&#8212;&#8212;&#8212;-<\/h3>\n<p>Weitere Informationen erhalten Sie auch in der Gesch\u00e4ftsstelle des Turnverein Rodenkirchen 1898 e.V.<br \/>\nS\u00fcrther Str. 195, 50999 K\u00f6ln<\/p>\n<p>Tel. 0221\/6695050<\/p>\n","protected":false},"excerpt":{"rendered":"<p>Datenschutzerkl\u00e4rung des TV Rodenkirchen\u2026 Headcoach Herren: Frank Keichel Probetraining Herren (ab 18): Montag 20:00 Uhr BSA S\u00fcrther Feld, S\u00fcrther Str. 195, 50999 K\u00f6ln Weitere Informationen und Anmeldung zum Probetraining: info|at|cologne-ronin.de https:\/\/www.facebook.com\/CologneRoninFootball\/ &#8212;&#8212;&#8212;&#8212;&#8212;&#8212;&#8212;&#8212;&#8212;&#8212;&#8212;&#8212;&#8212;&#8212;&#8212;&#8212;&#8212;&#8212;&#8212;&#8212;&#8212;&#8212;&#8212;&#8212;&#8212;&#8212;&#8212;&#8212;&#8211; Training Jugend (14 &#8211; 18 Jahre): Dienstag + Donnerstag 18:30 Uhr Gymnasium Rodenkirchen. S\u00fcrther Str. 55, 50996 K\u00f6ln<a class=\"read-more-a\" href=\"http:\/\/www.im-koelner-sueden.de\/tvr\/football\/kontakt\/\"><span class=\"read-more\"><\/span><\/a><\/p>\n","protected":false},"author":1,"featured_media":4405,"parent":0,"menu_order":0,"comment_status":"open","ping_status":"open","template":"","meta":{"footnotes":""},"class_list":["post-16","page","type-page","status-publish","has-post-thumbnail","hentry"],"_links":{"self":[{"href":"http:\/\/www.im-koelner-sueden.de\/tvr\/football\/wp-json\/wp\/v2\/pages\/16","targetHints":{"allow":["GET"]}}],"collection":[{"href":"http:\/\/www.im-koelner-sueden.de\/tvr\/football\/wp-json\/wp\/v2\/pages"}],"about":[{"href":"http:\/\/www.im-koelner-sueden.de\/tvr\/football\/wp-json\/wp\/v2\/types\/page"}],"author":[{"embeddable":true,"href":"http:\/\/www.im-koelner-sueden.de\/tvr\/football\/wp-json\/wp\/v2\/users\/1"}],"replies":[{"embeddable":true,"href":"http:\/\/www.im-koelner-sueden.de\/tvr\/football\/wp-json\/wp\/v2\/comments?post=16"}],"version-history":[{"count":70,"href":"http:\/\/www.im-koelner-sueden.de\/tvr\/football\/wp-json\/wp\/v2\/pages\/16\/revisions"}],"predecessor-version":[{"id":4466,"href":"http:\/\/www.im-koelner-sueden.de\/tvr\/football\/wp-json\/wp\/v2\/pages\/16\/revisions\/4466"}],"wp:featuredmedia":[{"embeddable":true,"href":"http:\/\/www.im-koelner-sueden.de\/tvr\/football\/wp-json\/wp\/v2\/media\/4405"}],"wp:attachment":[{"href":"http:\/\/www.im-koelner-sueden.de\/tvr\/football\/wp-json\/wp\/v2\/media?parent=16"}],"curies":[{"name":"wp","href":"https:\/\/api.w.org\/{rel}","templated":true}]}}