{"id":174,"date":"2014-03-08T23:48:45","date_gmt":"2014-03-08T22:48:45","guid":{"rendered":"http:\/\/www.cologne-ronin.de\/?page_id=174"},"modified":"2014-04-26T14:23:34","modified_gmt":"2014-04-26T13:23:34","slug":"die-spielernummern","status":"publish","type":"page","link":"http:\/\/www.im-koelner-sueden.de\/tvr\/football\/regelwerk\/die-spielernummern\/","title":{"rendered":"Die Spielernummern"},"content":{"rendered":"<p style=\"text-align: justify;\">Beim Football sind die Nummern der Spieler klar nach Position festgelegt. Dies dient nicht zuletzt als Orientierung f\u00fcr die Schiedsrichter um beispielsweise zu erkennen, ob ein Spieler passberechtigt ist oder nicht. Bei normalen Spielz\u00fcgen d\u00fcrfen zum Beispiel die Spieler der Offensive Line keine B\u00e4lle fangen.<\/p>\n<p style=\"text-align: justify;\">1-19 Quarterbacks und Kicker<\/p>\n<p style=\"text-align: justify;\">20-49 Running Backs und Defensive Backs<\/p>\n<p style=\"text-align: justify;\">50-59 Centers und Linebackers<\/p>\n<p style=\"text-align: justify;\">60-79 Defensive und Inside Offensive Linemen<\/p>\n<p style=\"text-align: justify;\">80-89 Wide Receivers und Tight Ends<\/p>\n<p style=\"text-align: justify;\">90-99 Defensive Linemen<\/p>\n","protected":false},"excerpt":{"rendered":"<p>Beim Football sind die Nummern der Spieler klar nach Position festgelegt. Dies dient nicht zuletzt als Orientierung f\u00fcr die Schiedsrichter um beispielsweise zu erkennen, ob ein Spieler passberechtigt ist oder nicht. Bei normalen Spielz\u00fcgen d\u00fcrfen zum Beispiel die Spieler der Offensive Line keine B\u00e4lle fangen. 1-19 Quarterbacks und Kicker 20-49<a class=\"read-more-a\" href=\"http:\/\/www.im-koelner-sueden.de\/tvr\/football\/regelwerk\/die-spielernummern\/\"><span class=\"read-more\"><\/span><\/a><\/p>\n","protected":false},"author":3,"featured_media":0,"parent":30,"menu_order":4,"comment_status":"closed","ping_status":"closed","template":"","meta":{"footnotes":""},"class_list":["post-174","page","type-page","status-publish","hentry"],"_links":{"self":[{"href":"http:\/\/www.im-koelner-sueden.de\/tvr\/football\/wp-json\/wp\/v2\/pages\/174","targetHints":{"allow":["GET"]}}],"collection":[{"href":"http:\/\/www.im-koelner-sueden.de\/tvr\/football\/wp-json\/wp\/v2\/pages"}],"about":[{"href":"http:\/\/www.im-koelner-sueden.de\/tvr\/football\/wp-json\/wp\/v2\/types\/page"}],"author":[{"embeddable":true,"href":"http:\/\/www.im-koelner-sueden.de\/tvr\/football\/wp-json\/wp\/v2\/users\/3"}],"replies":[{"embeddable":true,"href":"http:\/\/www.im-koelner-sueden.de\/tvr\/football\/wp-json\/wp\/v2\/comments?post=174"}],"version-history":[{"count":8,"href":"http:\/\/www.im-koelner-sueden.de\/tvr\/football\/wp-json\/wp\/v2\/pages\/174\/revisions"}],"predecessor-version":[{"id":354,"href":"http:\/\/www.im-koelner-sueden.de\/tvr\/football\/wp-json\/wp\/v2\/pages\/174\/revisions\/354"}],"up":[{"embeddable":true,"href":"http:\/\/www.im-koelner-sueden.de\/tvr\/football\/wp-json\/wp\/v2\/pages\/30"}],"wp:attachment":[{"href":"http:\/\/www.im-koelner-sueden.de\/tvr\/football\/wp-json\/wp\/v2\/media?parent=174"}],"curies":[{"name":"wp","href":"https:\/\/api.w.org\/{rel}","templated":true}]}}