{"id":357,"date":"2014-04-26T14:44:59","date_gmt":"2014-04-26T13:44:59","guid":{"rendered":"http:\/\/www.cologne-ronin.de\/?page_id=357"},"modified":"2015-05-11T21:28:04","modified_gmt":"2015-05-11T20:28:04","slug":"positions","status":"publish","type":"page","link":"http:\/\/www.im-koelner-sueden.de\/tvr\/football\/positions\/","title":{"rendered":"Positions"},"content":{"rendered":"<h1><span style=\"text-decoration: underline;\"><a title=\"Offense\" href=\"http:\/\/www.im-koelner-sueden.de\/tvr\/football\/offense-2\/\" target=\"_blank\">Offense<\/a><\/span><\/h1>\n<div class=\"snvdshc\"><div class=\"synved-section-list synved-section-list-nojs synved-content-scrollable\" id=\"synved-sections-1\"><h4 class=\"section-title synved-item-odd\"><a href=\"#synved-sections-1-0\"><strong>Der Quaterback (QB)<\/strong><\/a><\/h4><div class=\"synved-item-odd\">\n<p>Der Quaterback ist der wichtigste Spieler der Offense. Seine Aufgabe ist es sowohl die Offense auf dem Feld zu koordinieren, als auch den Ball sicher an seinen Empf\u00e4nger zu bringen. Der QB ist der Spielmacher und folglich f\u00fcr die Spielz\u00fcge verantwortlich. Diese bekommt er entweder von seinem Coach vorgegeben, oder ist selbst f\u00fcr die Auswahl verantwortlich. Die Spielz\u00fcge gibt der QB w\u00e4hrend des Huddels vor jedem Spielzug an seine Offense weiter. Nach dem Snap hat der Quarterback mehrere M\u00f6glichkeiten: er gibt den Ball an den Running Back f\u00fcr einen Laufspielzug, er passt den Ball zu einem Receiver oder er l\u00e4uft selbst. Ein guter Quaterback ist immer in der Lage die Defense zu lesen, d.h. er kann aufgrund der Aufstellung der Defense erkennen wie sich diese verh\u00e4lt und dementsprechend reagieren. Merkt er zum Beispiel, dass sein gew\u00e4hlter Spielzug unpassend ist, hat er die M\u00f6glichkeit diesen durch ein sogenanntes Audible zu \u00e4ndern. <\/div><h4 class=\"section-title synved-item-even\"><a href=\"#synved-sections-1-1\"><strong>Die Runningbacks (RB) \u2013 Full- und Halfback (FB \/ HB)<\/strong><\/a><\/h4><div class=\"synved-item-even\">\n<p style=\"margin: 5px 0; padding: 0;\">Die Runningbacks sind die sogenannten Balltr\u00e4ger, die versuchen durch Laufspielz\u00fcge Raum zu gewinnen oder zu punkten. Man unterscheidet dabei zwischen Half- und Fullback. Halfbacks sind meist schnelle, athletische Spieler, die f\u00fcr gew\u00f6hnlich versuchen die defensive Line zu umlaufen. Fullbacks sind relativ gro\u00dfe, kr\u00e4ftige l\u00e4ufer, die haupts\u00e4chlich den Ball durch die Mitte, also durch die defensive Line tragen. Dabei machen sie h\u00e4ufig nicht viel Raumgewinn, blocken jedoch viel ab und sind sehr durchsetzungsf\u00e4hig. Zus\u00e4tzlich sollten Runningbacks auch Aufgaben als Receiver \u00fcbernehmen k\u00f6nnen. Das macht sie unberechenbarer f\u00fcr die Defense und bringt der Offense mehr M\u00f6glichkeiten f\u00fcr verschiedene Spielzugvariationen. <\/div><h4 class=\"section-title synved-item-odd\"><a href=\"#synved-sections-1-2\"><strong>Die Wide Receiver (WR)<\/strong><\/a><\/h4><div class=\"synved-item-odd\">\n<p>Die Wide Receiver sind die prim\u00e4ren Ballempf\u00e4nger bei P\u00e4ssen. Sie sind schnell und wendig und k\u00f6nnen extrem gut fangen. Ihre Aufgabe ist es, die im jeweiligen Spielzug vorgegebene Route so genau wie m\u00f6glich zu laufen, dabei dem Gegenspieler, dem Cornerback, zu entkommen, den Ball zu fangen und m\u00f6glichst viel Raumgewinn zu erzielen. Der Vorteil des Receivers ist es, das er genau wei\u00df, wo er langlaufen muss, damit sein Quarterback ihn finden kann. Ist der Ball erst gefangen, so bekommt der Receiver Unterst\u00fctzung von seiner Offense, die ihm den Weg so weit wie m\u00f6glich freiblocken kann. Im besten Fall tragen sie den Ball dabei bis in die Endzone und erzielen einen Touchdown. <\/div><h4 class=\"section-title synved-item-even\"><a href=\"#synved-sections-1-3\"><strong>Der Tight End (TE)<\/strong><\/a><\/h4><div class=\"synved-item-even\">\n<p>Der Tight End ist eine Kombination aus Wide Receiver und Lineman. Er ist spezialisiert auf kurze- bis mittellange Strecken, auf denen er wie ein Receiver P\u00e4sse empfangen und weiter \u00fcber das Feld tragen muss. Zus\u00e4tzlich \u00fcbernimmt er Blockaufgaben gegen D-Liner und Linebacker. Die Seite, auf der der Tight End aufgestellt ist nennt man Strongside. Es k\u00f6nnen gleichzeitig mehrere Tight End eingesetzt werden, was die Bandbreite der Spielz\u00fcge f\u00fcr die Offense vergr\u00f6\u00dfert und gleichzeitig es der Defense erschwert, die Spielz\u00fcge zu lesen. <\/div><\/div><\/div>\n<p>&nbsp;<\/p>\n<h1><a href=\"http:\/\/www.im-koelner-sueden.de\/tvr\/football\/defense-2\/\" target=\"_blank\"><span style=\"text-decoration: underline;\">Defense<\/span><\/a><\/h1>\n<div class=\"snvdshc\"><div class=\"synved-section-list synved-section-list-nojs synved-content-scrollable\" id=\"synved-sections-2\"><h4 class=\"section-title synved-item-odd\"><a href=\"#synved-sections-2-0\"><strong>Die Defensive Ends (DE)<\/strong><\/a><\/h4><div class=\"synved-item-odd\">\n<p>Die Defensice Ends stehen am Ende der Verteidigungslinie. Die Hauptaufgabe dieser Schweren, jedoch gleichzeitig schnell und wendigen Spieler ist das Stoppen des Runningbacks bei Laufspielz\u00fcgen. Im Falle eines Inside- Runs m\u00fcssen die Defensive Ends ihre Position halten und die L\u00fccken die von der Offensive Line ge\u00f6ffnet werden sollen, geschlossen halten. Bei Outside-Runs versucht der schnelle Liner den Balltr\u00e4ger zu stoppen oder einen Vorblocker aus dem Spiel zu nehmen, sodass die Linebacker oder Safties den Run unterbinden k\u00f6nnen. Bei P\u00e4ssen ist die Aufgabe Druck auf den Quarterback zu machen und ihn so zu Fehlern zu zwingen, den Ball abzufangen oder im besten Fall einen Sack zu erzielen.<\/p>\n<\/div><h4 class=\"section-title synved-item-even\"><a href=\"#synved-sections-2-1\"><strong>Die Defensive Tackles (DT)<\/strong><\/a><\/h4><div class=\"synved-item-even\">\n<p>Die Defensive Tackles bilden die Mitte der Defensive Line und sind oftmals die Gr\u00f6\u00dften und schwersten Spieler der Defense um dem Quarterback die Sicht zu nehmen. Sie stellen die Mitte zu um Inside Runs unm\u00f6glich zu machen. Auch von dieser Stelle wird bei P\u00e4ssen Druck auf den Quarterback gemacht um ihn aus der Pocket zu treiben damit die Defensive Ends und Outsidelinbacker von den Seiten ihren Job erledigen k\u00f6nnen. Die Spitze der Defensive Takels ist der Noseguard der Gegen\u00fcber des Center steht und auf die kleinste Ballbewegung wartet um den Ansturm auf die Offense einzuleiten.<\/p>\n<\/div><h4 class=\"section-title synved-item-odd\"><a href=\"#synved-sections-2-2\"><strong>Die Linebacker (LB)<\/strong><\/a><\/h4><div class=\"synved-item-odd\">\n<p>Die Linebacker positionieren sich hinter und neben der Line und m\u00fcssen nach jedem Down aufs Neue die Offense Lesen und sich auf die Spielz\u00fcge einstellen. Linebacker k\u00f6nnen Man to Man oder Zonen Deckung spielen und \u00e4ndern auch noch nach dem Huddle nach Bedarf die Verteidigungs Strategien. Diese vielseitigen Spieler unterbinden Laufspielz\u00fcge die durch die Line gebrochen sind, setzen dem Quarterback zu und decken Receiver wenn die Cornerbacks \u00fcberlastet sind. Linebacker m\u00fcssen ein gutes Spielverst\u00e4ndis haben und schnell sowie stark sein um die Offense zu stoppen. <\/div><h4 class=\"section-title synved-item-even\"><a href=\"#synved-sections-2-3\"><strong>Die Cornerbacks (CB)<\/strong><\/a><\/h4><div class=\"synved-item-even\">\n<p>Cornerbacks sind die schnellsten Defense Spieler, die sich auf den Reciver einstellen und ihn im besten Fall am fangen des Balls hindern. Cornerbacks sind sehr wendig, Athletisch und haben ein gutes Auge f\u00fcr den Spielablauf. Sie m\u00fcssen am Passempf\u00e4nger dran bleiben und die Flugbahn des Balls \u00fcberblicken. Sollte der Receiver den Ball behaupten k\u00f6nnen muss der Cornerback den Gegenspieler durch Tacklings stoppen. Bei Laufspielz\u00fcgen l\u00f6sen sie sich von ihrem Mann und verhindern auch schnellstm\u00f6glich den Raumgewinn. Sie sind f\u00fcr den Spielfeldrand verantwortlich und treiben im Notfall den Balltr\u00e4ger wieder in die Mitte des Feldes, wo Linebacker und Safties warten um den Gegenspieler zu stoppen. <\/div><h4 class=\"section-title synved-item-odd\"><a href=\"#synved-sections-2-4\"><strong>Die Safeties (S) - Strong und Free Safety (SS \/ FS)<\/strong><\/a><\/h4><div class=\"synved-item-odd\">\n<p>Die Safeties stehen hinter den Linebacker. Der Strong Safty steht meist auf der gleichen Seite wie der Tight- End oder auf der mit mehr Receivern. Er ist die Unterst\u00fctzung f\u00fcr die Starke Seite. Der Free Safty ist der letzte Spieler auf dem Feld und somit die letzte Verteidigungslinie. Er darf keinen Gegenspieler hinter sich lassen. Die Hauptaufgabe ist die Verteidigung bei P\u00e4ssen und die letzte Rettung bei einem durchgebrochenen Run. Safties k\u00f6nnen hoch springen, sind schnell, haben ein gutes Auge f\u00fcr das gesamte Spiel und verteilen die mit die h\u00e4rtesten Hits. <\/div><\/div><\/div>\n<p>&nbsp;<\/p>\n<h1><span style=\"text-decoration: underline;\">Special Team<\/span><\/h1>\n<div class=\"snvdshc\"><div class=\"synved-section-list synved-section-list-nojs synved-content-scrollable\" id=\"synved-sections-3\"><h4 class=\"section-title synved-item-odd\"><a href=\"#synved-sections-3-0\"><strong>Der Kickreturner<\/strong><\/a><\/h4><div class=\"synved-item-odd\">\n<p>Der Kickreturner ist meist der schnellste und wendigste Spieler im Team der nach einem Punt oder dem Kickoff den Ball f\u00e4ngt und sich so weit wie m\u00f6glich durch die ganze gegnerische Mannschaft k\u00e4mpfen muss. Dabei sollte er zudem noch das ein oder andere Tackle brechen k\u00f6nnen um ordentlich Yards zu machen. <\/div><h4 class=\"section-title synved-item-even\"><a href=\"#synved-sections-3-1\"><strong>Kicker und Punter<\/strong><\/a><\/h4><div class=\"synved-item-even\">\n<p>Kicker und Punter werden in verschieden Spielsituationen eingesetzt. Im vierten Down schie\u00dft der Punter den Ball soweit es geht in die gegnerische H\u00e4lfte, damit der Puntreturner einen weiten Weg zur\u00fccklegen muss. Der Kicker ist f\u00fcr den Kickoff und die Fieldgoals zust\u00e4ndig. Beim Kickoff ist die Aufgabe genau dieselbe wie bei einem Punt. Nach einem Touchdown oder bei einem Fieldgoal versucht der Kicker die Punkte mit dem Schuss \u00fcber die Latte und zwischen die Pfosten zu erzielen. Nach dem Kick oder Punt muss der Spieler schnell umschalten und mit dem Rest des Special Teams Verteidigen. <\/div><\/div><\/div>\n","protected":false},"excerpt":{"rendered":"<p>Offense &nbsp; Defense &nbsp; Special Team<\/p>\n","protected":false},"author":3,"featured_media":0,"parent":0,"menu_order":0,"comment_status":"closed","ping_status":"closed","template":"","meta":{"footnotes":""},"class_list":["post-357","page","type-page","status-publish","hentry"],"_links":{"self":[{"href":"http:\/\/www.im-koelner-sueden.de\/tvr\/football\/wp-json\/wp\/v2\/pages\/357","targetHints":{"allow":["GET"]}}],"collection":[{"href":"http:\/\/www.im-koelner-sueden.de\/tvr\/football\/wp-json\/wp\/v2\/pages"}],"about":[{"href":"http:\/\/www.im-koelner-sueden.de\/tvr\/football\/wp-json\/wp\/v2\/types\/page"}],"author":[{"embeddable":true,"href":"http:\/\/www.im-koelner-sueden.de\/tvr\/football\/wp-json\/wp\/v2\/users\/3"}],"replies":[{"embeddable":true,"href":"http:\/\/www.im-koelner-sueden.de\/tvr\/football\/wp-json\/wp\/v2\/comments?post=357"}],"version-history":[{"count":11,"href":"http:\/\/www.im-koelner-sueden.de\/tvr\/football\/wp-json\/wp\/v2\/pages\/357\/revisions"}],"predecessor-version":[{"id":709,"href":"http:\/\/www.im-koelner-sueden.de\/tvr\/football\/wp-json\/wp\/v2\/pages\/357\/revisions\/709"}],"wp:attachment":[{"href":"http:\/\/www.im-koelner-sueden.de\/tvr\/football\/wp-json\/wp\/v2\/media?parent=357"}],"curies":[{"name":"wp","href":"https:\/\/api.w.org\/{rel}","templated":true}]}}